{"id":267,"date":"2019-11-22T22:39:45","date_gmt":"2019-11-22T22:39:45","guid":{"rendered":"https:\/\/radoscjoy.ca\/?page_id=267"},"modified":"2022-11-07T22:21:16","modified_gmt":"2022-11-07T22:21:16","slug":"folklore","status":"publish","type":"page","link":"https:\/\/radoscjoy.ca\/pl\/folklore\/","title":{"rendered":"Repertuar"},"content":{"rendered":"<p>Rado\u015b\u0107-Joy is proud to showcase songs and dances from regions all over Poland, as well as paying tribute to our Canadian home. We are pleased to perform the national dances of Polonez and Krakowiak. Our repertoire includes pieces from:<\/p>\n<ul>\n<li>Beskidy<\/li>\n<li>Cieszyn<\/li>\n<li>Jurg\u00f3w<\/li>\n<li>Krak\u00f3w<\/li>\n<li>Lublin<\/li>\n<li>\u0141owicz<\/li>\n<li>Opoczno<\/li>\n<li>Podhale<\/li>\n<li>Qu\u00e9bec<\/li>\n<li>Rzesz\u00f3w<\/li>\n<li>\u015al\u0105sk<\/li>\n<li>Warszawa<\/li>\n<\/ul>","protected":false},"excerpt":{"rendered":"<p>Rado\u015b\u0107-Joy is proud to showcase songs and dances from regions all over Poland, as well as paying tribute to our Canadian home. We are pleased to perform the national dances of Polonez and Krakowiak. Our repertoire includes pieces from: Beskidy Cieszyn Jurg\u00f3w Krak\u00f3w Lublin \u0141owicz Opoczno Podhale Qu\u00e9bec Rzesz\u00f3w \u015al\u0105sk Warszawa<\/p>","protected":false},"author":2,"featured_media":338,"parent":0,"menu_order":0,"comment_status":"closed","ping_status":"closed","template":"","meta":{"_exactmetrics_skip_tracking":false,"_exactmetrics_sitenote_active":false,"_exactmetrics_sitenote_note":"","_exactmetrics_sitenote_category":0,"_mc_calendar":[],"footnotes":""},"class_list":["post-267","page","type-page","status-publish","has-post-thumbnail","hentry"],"_links":{"self":[{"href":"https:\/\/radoscjoy.ca\/pl\/wp-json\/wp\/v2\/pages\/267","targetHints":{"allow":["GET"]}}],"collection":[{"href":"https:\/\/radoscjoy.ca\/pl\/wp-json\/wp\/v2\/pages"}],"about":[{"href":"https:\/\/radoscjoy.ca\/pl\/wp-json\/wp\/v2\/types\/page"}],"author":[{"embeddable":true,"href":"https:\/\/radoscjoy.ca\/pl\/wp-json\/wp\/v2\/users\/2"}],"replies":[{"embeddable":true,"href":"https:\/\/radoscjoy.ca\/pl\/wp-json\/wp\/v2\/comments?post=267"}],"version-history":[{"count":5,"href":"https:\/\/radoscjoy.ca\/pl\/wp-json\/wp\/v2\/pages\/267\/revisions"}],"predecessor-version":[{"id":412,"href":"https:\/\/radoscjoy.ca\/pl\/wp-json\/wp\/v2\/pages\/267\/revisions\/412"}],"wp:featuredmedia":[{"embeddable":true,"href":"https:\/\/radoscjoy.ca\/pl\/wp-json\/wp\/v2\/media\/338"}],"wp:attachment":[{"href":"https:\/\/radoscjoy.ca\/pl\/wp-json\/wp\/v2\/media?parent=267"}],"curies":[{"name":"wp","href":"https:\/\/api.w.org\/{rel}","templated":true}]}}