{"id":139,"date":"2019-07-20T21:15:16","date_gmt":"2019-07-20T21:15:16","guid":{"rendered":"http:\/\/radoscjoy.ca\/w\/?page_id=139"},"modified":"2022-11-05T02:07:36","modified_gmt":"2022-11-05T02:07:36","slug":"join-radosc-joy","status":"publish","type":"page","link":"https:\/\/radoscjoy.ca\/pl\/join-radosc-joy\/","title":{"rendered":"Zapisz si\u0119!"},"content":{"rendered":"<div class=\"wpcf7 no-js\" id=\"wpcf7-f138-o1\" lang=\"en-US\" dir=\"ltr\" data-wpcf7-id=\"138\">\n<div class=\"screen-reader-response\"><p role=\"status\" aria-live=\"polite\" aria-atomic=\"true\"><\/p> <ul><\/ul><\/div>\n<form action=\"\/pl\/wp-json\/wp\/v2\/pages\/139#wpcf7-f138-o1\" method=\"post\" class=\"wpcf7-form init\" aria-label=\"Contact form\" novalidate=\"novalidate\" data-status=\"init\" data-trp-original-action=\"\/pl\/wp-json\/wp\/v2\/pages\/139#wpcf7-f138-o1\">\n<fieldset class=\"hidden-fields-container\"><input type=\"hidden\" name=\"_wpcf7\" value=\"138\" \/><input type=\"hidden\" name=\"_wpcf7_version\" value=\"6.1.5\" \/><input type=\"hidden\" name=\"_wpcf7_locale\" value=\"en_US\" \/><input type=\"hidden\" name=\"_wpcf7_unit_tag\" value=\"wpcf7-f138-o1\" \/><input type=\"hidden\" name=\"_wpcf7_container_post\" value=\"0\" \/><input type=\"hidden\" name=\"_wpcf7_posted_data_hash\" value=\"\" \/>\n<\/fieldset>\n<p><label> Temat<br \/>\n<span class=\"wpcf7-form-control-wrap\" data-name=\"your-subject\"><input size=\"40\" maxlength=\"400\" class=\"wpcf7-form-control wpcf7-text wpcf7-validates-as-required\" aria-required=\"true\" aria-invalid=\"false\" value=\"Join the Group\" type=\"text\" name=\"your-subject\" \/><\/span> <\/label>\n<\/p>\n<p><label> Imi\u0119 i Nazwisko (obowi\u0105zkowe)<br \/>\n<span class=\"wpcf7-form-control-wrap\" data-name=\"student-name\"><input size=\"40\" maxlength=\"400\" class=\"wpcf7-form-control wpcf7-text wpcf7-validates-as-required\" aria-required=\"true\" aria-invalid=\"false\" value=\"\" type=\"text\" name=\"student-name\" \/><\/span> <\/label><br \/>\n<label> E-mail<br \/>\n<span class=\"wpcf7-form-control-wrap\" data-name=\"student-email\"><input size=\"40\" maxlength=\"400\" class=\"wpcf7-form-control wpcf7-email wpcf7-text wpcf7-validates-as-email\" aria-invalid=\"false\" value=\"\" type=\"email\" name=\"student-email\" \/><\/span> <\/label><br \/>\n<label> Wiek Ucznia<br \/>\n<span class=\"wpcf7-form-control-wrap\" data-name=\"student-age\"><select class=\"wpcf7-form-control wpcf7-select wpcf7-validates-as-required\" aria-required=\"true\" aria-invalid=\"false\" name=\"student-age\"><option value=\"5-8\">5-8<\/option><option value=\"9-13\">9-13<\/option><option value=\"14-16\">14-16<\/option><option value=\"17-18\">17-18<\/option><option value=\"19+\">19+<\/option><\/select><\/span><br \/>\n<\/label>\n<\/p>\n<p><label> Imi\u0119 i Nazwisko Opiekuna (obowi\u0105zkowe poni\u017cej 19 roku \u017cycia)<br \/>\n<span class=\"wpcf7-form-control-wrap\" data-name=\"your-name\"><input size=\"40\" maxlength=\"400\" class=\"wpcf7-form-control wpcf7-text wpcf7-validates-as-required\" aria-required=\"true\" aria-invalid=\"false\" value=\"\" type=\"text\" name=\"your-name\" \/><\/span> <\/label><br \/>\n<label> E-mail<br \/>\n<span class=\"wpcf7-form-control-wrap\" data-name=\"your-email\"><input size=\"40\" maxlength=\"400\" class=\"wpcf7-form-control wpcf7-email wpcf7-validates-as-required wpcf7-text wpcf7-validates-as-email\" aria-required=\"true\" aria-invalid=\"false\" value=\"\" type=\"email\" name=\"your-email\" \/><\/span> <\/label>\n<\/p>\n<p><label> Wasza Wiadomo\u015b\u0107<br \/>\n<span class=\"wpcf7-form-control-wrap\" data-name=\"your-message\"><textarea cols=\"40\" rows=\"10\" maxlength=\"2000\" class=\"wpcf7-form-control wpcf7-textarea\" aria-invalid=\"false\" name=\"your-message\"><\/textarea><\/span> <\/label>\n<\/p>\n<p><input class=\"wpcf7-form-control wpcf7-submit has-spinner\" type=\"submit\" value=\"Send\" \/>\n<\/p><div class=\"wpcf7-response-output\" aria-hidden=\"true\"><\/div>\n<input type=\"hidden\" name=\"trp-form-language\" value=\"pl\"\/><\/form>\n<\/div>","protected":false},"excerpt":{"rendered":"","protected":false},"author":2,"featured_media":336,"parent":0,"menu_order":0,"comment_status":"closed","ping_status":"closed","template":"","meta":{"_exactmetrics_skip_tracking":false,"_exactmetrics_sitenote_active":false,"_exactmetrics_sitenote_note":"","_exactmetrics_sitenote_category":0,"_mc_calendar":[],"footnotes":""},"class_list":["post-139","page","type-page","status-publish","has-post-thumbnail","hentry"],"_links":{"self":[{"href":"https:\/\/radoscjoy.ca\/pl\/wp-json\/wp\/v2\/pages\/139","targetHints":{"allow":["GET"]}}],"collection":[{"href":"https:\/\/radoscjoy.ca\/pl\/wp-json\/wp\/v2\/pages"}],"about":[{"href":"https:\/\/radoscjoy.ca\/pl\/wp-json\/wp\/v2\/types\/page"}],"author":[{"embeddable":true,"href":"https:\/\/radoscjoy.ca\/pl\/wp-json\/wp\/v2\/users\/2"}],"replies":[{"embeddable":true,"href":"https:\/\/radoscjoy.ca\/pl\/wp-json\/wp\/v2\/comments?post=139"}],"version-history":[{"count":2,"href":"https:\/\/radoscjoy.ca\/pl\/wp-json\/wp\/v2\/pages\/139\/revisions"}],"predecessor-version":[{"id":333,"href":"https:\/\/radoscjoy.ca\/pl\/wp-json\/wp\/v2\/pages\/139\/revisions\/333"}],"wp:featuredmedia":[{"embeddable":true,"href":"https:\/\/radoscjoy.ca\/pl\/wp-json\/wp\/v2\/media\/336"}],"wp:attachment":[{"href":"https:\/\/radoscjoy.ca\/pl\/wp-json\/wp\/v2\/media?parent=139"}],"curies":[{"name":"wp","href":"https:\/\/api.w.org\/{rel}","templated":true}]}}